{"id":12,"date":"2020-03-30T22:58:35","date_gmt":"2020-03-30T20:58:35","guid":{"rendered":"http:\/\/zielonykat.pl\/?page_id=12"},"modified":"2020-04-01T19:15:01","modified_gmt":"2020-04-01T17:15:01","slug":"meble-na-wymiar","status":"publish","type":"page","link":"https:\/\/zielonykat.pl\/?page_id=12","title":{"rendered":"Meble na wymiar"},"content":{"rendered":"\n<h3 class=\"wp-block-heading\">Meble na zam\u00f3wienie w J\u00f3zefowie<\/h3>\n\n\n\n<p>Meble z drewna to styl sam w sobie. Dodaj\u0105 klasy ka\u017cdemu wn\u0119trzu. Je\u015bli zale\u017cy Pa\u0144stwu na posiadaniu pi\u0119knego salonu lub stylowej, a jednocze\u015bnie funkcjonalnej kuchni, zach\u0119camy do skorzystania z naszej oferty.<\/p>\n\n\n\n<h4 class=\"wp-block-heading\">Meble na wymiar<\/h4>\n\n\n\n<p>Wykonujemy meble typowe i na wymiar, \u0142\u0105cz\u0105c tradycj\u0119 rzemios\u0142a z technologicznymi nowo\u015bciami obr\u00f3bki drewna. Gwarantujemy naszym klientom fachowe doradztwo przy realizacji zar\u00f3wno du\u017cych inwestycji, jak i indywidualnych zlece\u0144.<\/p>\n\n\n\n<p>W naszych propozycjach oraz doborze mebli, uwzgl\u0119dniamy architektur\u0119 wn\u0119trza oraz upodobania estetyczne klienta. Przy projektowaniu k\u0142adziemy du\u017cy nacisk na dob\u00f3r w\u0142a\u015bciwego o\u015bwietlenia do cel\u00f3w u\u017cytkowych, jak i dla podkre\u015blenia indywidualnego charakteru ka\u017cdego mebla.<\/p>\n\n\n\n<p>Oferujemy Pa\u0144stwu szeroki asortyment mebli oraz innych wyrob\u00f3w drewnianych, takich jak:<\/p>\n\n\n\n<ul class=\"wp-block-list\"><li>kuchnie<\/li><\/ul>\n\n\n\n<div class=\"wp-block-image\"><figure class=\"alignright size-large is-resized\"><img fetchpriority=\"high\" decoding=\"async\" src=\"https:\/\/zielonykat.pl\/wp-content\/uploads\/2020\/04\/177652-4.jpg\" alt=\"\" class=\"wp-image-96\" width=\"332\" height=\"249\" srcset=\"https:\/\/zielonykat.pl\/wp-content\/uploads\/2020\/04\/177652-4.jpg 440w, https:\/\/zielonykat.pl\/wp-content\/uploads\/2020\/04\/177652-4-300x225.jpg 300w\" sizes=\"(max-width: 332px) 100vw, 332px\" \/><\/figure><\/div>\n\n\n\n<p>\u2013 meble kuchenne lakierowane<br>\u2013 kuchnie fornirowane<\/p>\n\n\n\n<ul class=\"wp-block-list\"><li>meble pokojowe<\/li><li>meble biurowe<\/li><li>szafy wn\u0119kowe na wymiar<\/li><li>komody<\/li><li>garderoby<\/li><li>sypialnie<\/li><li>rega\u0142y i piwnice na wina<\/li><li>meble sklepowe<\/li><\/ul>\n\n\n\n<p>\u2013 rega\u0142y sklepowe<\/p>\n\n\n\n<p>Podejmujemy si\u0119 tak\u017ce wykonania mebli nietypowych na zam\u00f3wienie. Zach\u0119camy do kontaktu z firm\u0105 Zielony K\u0105t.<\/p>\n","protected":false},"excerpt":{"rendered":"<p>Meble na zam\u00f3wienie w J\u00f3zefowie Meble z drewna to styl sam w sobie. Dodaj\u0105 klasy ka\u017cdemu wn\u0119trzu. Je\u015bli zale\u017cy Pa\u0144stwu na posiadaniu pi\u0119knego salonu lub stylowej, a jednocze\u015bnie funkcjonalnej kuchni, zach\u0119camy do skorzystania z naszej oferty. Meble na wymiar Wykonujemy meble typowe i na wymiar, \u0142\u0105cz\u0105c tradycj\u0119 rzemios\u0142a z technologicznymi nowo\u015bciami obr\u00f3bki drewna. Gwarantujemy naszym &hellip; <\/p>\n<p class=\"link-more\"><a href=\"https:\/\/zielonykat.pl\/?page_id=12\" class=\"more-link\">Czytaj dalej<span class=\"screen-reader-text\"> Meble na wymiar<\/span><\/a><\/p>\n","protected":false},"author":1,"featured_media":0,"parent":0,"menu_order":0,"comment_status":"closed","ping_status":"closed","template":"","meta":{"_monsterinsights_skip_tracking":false,"_monsterinsights_sitenote_active":false,"_monsterinsights_sitenote_note":"","_monsterinsights_sitenote_category":0,"footnotes":""},"class_list":["post-12","page","type-page","status-publish","hentry"],"yoast_head":"<!-- This site is optimized with the Yoast SEO plugin v23.6 - https:\/\/yoast.com\/wordpress\/plugins\/seo\/ -->\n<title>Meble na wymiar - Zielony K\u0105t<\/title>\n<meta name=\"description\" content=\"Je\u015bli zale\u017cy Pa\u0144stwu na posiadaniu pi\u0119knego salonu lub stylowej, a jednocze\u015bnie funkcjonalnej kuchni, zach\u0119camy do skorzystania z naszej oferty.\" \/>\n<meta name=\"robots\" content=\"index, follow, max-snippet:-1, max-image-preview:large, max-video-preview:-1\" \/>\n<link rel=\"canonical\" href=\"https:\/\/zielonykat.pl\/?page_id=12\" \/>\n<meta property=\"og:locale\" content=\"pl_PL\" \/>\n<meta property=\"og:type\" content=\"article\" \/>\n<meta property=\"og:title\" content=\"Meble na wymiar - Zielony K\u0105t\" \/>\n<meta property=\"og:description\" content=\"Je\u015bli zale\u017cy Pa\u0144stwu na posiadaniu pi\u0119knego salonu lub stylowej, a jednocze\u015bnie funkcjonalnej kuchni, zach\u0119camy do skorzystania z naszej oferty.\" \/>\n<meta property=\"og:url\" content=\"https:\/\/zielonykat.pl\/?page_id=12\" \/>\n<meta property=\"og:site_name\" content=\"Zielony K\u0105t\" \/>\n<meta property=\"article:modified_time\" content=\"2020-04-01T17:15:01+00:00\" \/>\n<meta property=\"og:image\" content=\"https:\/\/zielonykat.pl\/wp-content\/uploads\/2020\/04\/177652-4.jpg\" \/>\n<meta name=\"twitter:card\" content=\"summary_large_image\" \/>\n<meta name=\"twitter:label1\" content=\"Szacowany czas czytania\" \/>\n\t<meta name=\"twitter:data1\" content=\"1 minuta\" \/>\n<script type=\"application\/ld+json\" class=\"yoast-schema-graph\">{\"@context\":\"https:\/\/schema.org\",\"@graph\":[{\"@type\":\"WebPage\",\"@id\":\"https:\/\/zielonykat.pl\/?page_id=12\",\"url\":\"https:\/\/zielonykat.pl\/?page_id=12\",\"name\":\"Meble na wymiar - Zielony K\u0105t\",\"isPartOf\":{\"@id\":\"https:\/\/zielonykat.pl\/#website\"},\"primaryImageOfPage\":{\"@id\":\"https:\/\/zielonykat.pl\/?page_id=12#primaryimage\"},\"image\":{\"@id\":\"https:\/\/zielonykat.pl\/?page_id=12#primaryimage\"},\"thumbnailUrl\":\"https:\/\/zielonykat.pl\/wp-content\/uploads\/2020\/04\/177652-4.jpg\",\"datePublished\":\"2020-03-30T20:58:35+00:00\",\"dateModified\":\"2020-04-01T17:15:01+00:00\",\"description\":\"Je\u015bli zale\u017cy Pa\u0144stwu na posiadaniu pi\u0119knego salonu lub stylowej, a jednocze\u015bnie funkcjonalnej kuchni, zach\u0119camy do skorzystania z naszej oferty.\",\"breadcrumb\":{\"@id\":\"https:\/\/zielonykat.pl\/?page_id=12#breadcrumb\"},\"inLanguage\":\"pl-PL\",\"potentialAction\":[{\"@type\":\"ReadAction\",\"target\":[\"https:\/\/zielonykat.pl\/?page_id=12\"]}]},{\"@type\":\"ImageObject\",\"inLanguage\":\"pl-PL\",\"@id\":\"https:\/\/zielonykat.pl\/?page_id=12#primaryimage\",\"url\":\"https:\/\/zielonykat.pl\/wp-content\/uploads\/2020\/04\/177652-4.jpg\",\"contentUrl\":\"https:\/\/zielonykat.pl\/wp-content\/uploads\/2020\/04\/177652-4.jpg\",\"width\":440,\"height\":330,\"caption\":\"Modern design trendy kitchen with black and wood elements\"},{\"@type\":\"BreadcrumbList\",\"@id\":\"https:\/\/zielonykat.pl\/?page_id=12#breadcrumb\",\"itemListElement\":[{\"@type\":\"ListItem\",\"position\":1,\"name\":\"Home\",\"item\":\"https:\/\/zielonykat.pl\/\"},{\"@type\":\"ListItem\",\"position\":2,\"name\":\"Meble na wymiar\"}]},{\"@type\":\"WebSite\",\"@id\":\"https:\/\/zielonykat.pl\/#website\",\"url\":\"https:\/\/zielonykat.pl\/\",\"name\":\"Zielony K\u0105t\",\"description\":\"Us\u0142ugi stolarskie\",\"publisher\":{\"@id\":\"https:\/\/zielonykat.pl\/#organization\"},\"potentialAction\":[{\"@type\":\"SearchAction\",\"target\":{\"@type\":\"EntryPoint\",\"urlTemplate\":\"https:\/\/zielonykat.pl\/?s={search_term_string}\"},\"query-input\":{\"@type\":\"PropertyValueSpecification\",\"valueRequired\":true,\"valueName\":\"search_term_string\"}}],\"inLanguage\":\"pl-PL\"},{\"@type\":\"Organization\",\"@id\":\"https:\/\/zielonykat.pl\/#organization\",\"name\":\"Zielony K\u0105t\",\"url\":\"https:\/\/zielonykat.pl\/\",\"logo\":{\"@type\":\"ImageObject\",\"inLanguage\":\"pl-PL\",\"@id\":\"https:\/\/zielonykat.pl\/#\/schema\/logo\/image\/\",\"url\":\"https:\/\/zielonykat.pl\/wp-content\/uploads\/2020\/03\/logo2-kopia-1.jpg\",\"contentUrl\":\"https:\/\/zielonykat.pl\/wp-content\/uploads\/2020\/03\/logo2-kopia-1.jpg\",\"width\":454,\"height\":340,\"caption\":\"Zielony K\u0105t\"},\"image\":{\"@id\":\"https:\/\/zielonykat.pl\/#\/schema\/logo\/image\/\"}}]}<\/script>\n<!-- \/ Yoast SEO plugin. -->","yoast_head_json":{"title":"Meble na wymiar - Zielony K\u0105t","description":"Je\u015bli zale\u017cy Pa\u0144stwu na posiadaniu pi\u0119knego salonu lub stylowej, a jednocze\u015bnie funkcjonalnej kuchni, zach\u0119camy do skorzystania z naszej oferty.","robots":{"index":"index","follow":"follow","max-snippet":"max-snippet:-1","max-image-preview":"max-image-preview:large","max-video-preview":"max-video-preview:-1"},"canonical":"https:\/\/zielonykat.pl\/?page_id=12","og_locale":"pl_PL","og_type":"article","og_title":"Meble na wymiar - Zielony K\u0105t","og_description":"Je\u015bli zale\u017cy Pa\u0144stwu na posiadaniu pi\u0119knego salonu lub stylowej, a jednocze\u015bnie funkcjonalnej kuchni, zach\u0119camy do skorzystania z naszej oferty.","og_url":"https:\/\/zielonykat.pl\/?page_id=12","og_site_name":"Zielony K\u0105t","article_modified_time":"2020-04-01T17:15:01+00:00","og_image":[{"url":"https:\/\/zielonykat.pl\/wp-content\/uploads\/2020\/04\/177652-4.jpg"}],"twitter_card":"summary_large_image","twitter_misc":{"Szacowany czas czytania":"1 minuta"},"schema":{"@context":"https:\/\/schema.org","@graph":[{"@type":"WebPage","@id":"https:\/\/zielonykat.pl\/?page_id=12","url":"https:\/\/zielonykat.pl\/?page_id=12","name":"Meble na wymiar - Zielony K\u0105t","isPartOf":{"@id":"https:\/\/zielonykat.pl\/#website"},"primaryImageOfPage":{"@id":"https:\/\/zielonykat.pl\/?page_id=12#primaryimage"},"image":{"@id":"https:\/\/zielonykat.pl\/?page_id=12#primaryimage"},"thumbnailUrl":"https:\/\/zielonykat.pl\/wp-content\/uploads\/2020\/04\/177652-4.jpg","datePublished":"2020-03-30T20:58:35+00:00","dateModified":"2020-04-01T17:15:01+00:00","description":"Je\u015bli zale\u017cy Pa\u0144stwu na posiadaniu pi\u0119knego salonu lub stylowej, a jednocze\u015bnie funkcjonalnej kuchni, zach\u0119camy do skorzystania z naszej oferty.","breadcrumb":{"@id":"https:\/\/zielonykat.pl\/?page_id=12#breadcrumb"},"inLanguage":"pl-PL","potentialAction":[{"@type":"ReadAction","target":["https:\/\/zielonykat.pl\/?page_id=12"]}]},{"@type":"ImageObject","inLanguage":"pl-PL","@id":"https:\/\/zielonykat.pl\/?page_id=12#primaryimage","url":"https:\/\/zielonykat.pl\/wp-content\/uploads\/2020\/04\/177652-4.jpg","contentUrl":"https:\/\/zielonykat.pl\/wp-content\/uploads\/2020\/04\/177652-4.jpg","width":440,"height":330,"caption":"Modern design trendy kitchen with black and wood elements"},{"@type":"BreadcrumbList","@id":"https:\/\/zielonykat.pl\/?page_id=12#breadcrumb","itemListElement":[{"@type":"ListItem","position":1,"name":"Home","item":"https:\/\/zielonykat.pl\/"},{"@type":"ListItem","position":2,"name":"Meble na wymiar"}]},{"@type":"WebSite","@id":"https:\/\/zielonykat.pl\/#website","url":"https:\/\/zielonykat.pl\/","name":"Zielony K\u0105t","description":"Us\u0142ugi stolarskie","publisher":{"@id":"https:\/\/zielonykat.pl\/#organization"},"potentialAction":[{"@type":"SearchAction","target":{"@type":"EntryPoint","urlTemplate":"https:\/\/zielonykat.pl\/?s={search_term_string}"},"query-input":{"@type":"PropertyValueSpecification","valueRequired":true,"valueName":"search_term_string"}}],"inLanguage":"pl-PL"},{"@type":"Organization","@id":"https:\/\/zielonykat.pl\/#organization","name":"Zielony K\u0105t","url":"https:\/\/zielonykat.pl\/","logo":{"@type":"ImageObject","inLanguage":"pl-PL","@id":"https:\/\/zielonykat.pl\/#\/schema\/logo\/image\/","url":"https:\/\/zielonykat.pl\/wp-content\/uploads\/2020\/03\/logo2-kopia-1.jpg","contentUrl":"https:\/\/zielonykat.pl\/wp-content\/uploads\/2020\/03\/logo2-kopia-1.jpg","width":454,"height":340,"caption":"Zielony K\u0105t"},"image":{"@id":"https:\/\/zielonykat.pl\/#\/schema\/logo\/image\/"}}]}},"_links":{"self":[{"href":"https:\/\/zielonykat.pl\/index.php?rest_route=\/wp\/v2\/pages\/12"}],"collection":[{"href":"https:\/\/zielonykat.pl\/index.php?rest_route=\/wp\/v2\/pages"}],"about":[{"href":"https:\/\/zielonykat.pl\/index.php?rest_route=\/wp\/v2\/types\/page"}],"author":[{"embeddable":true,"href":"https:\/\/zielonykat.pl\/index.php?rest_route=\/wp\/v2\/users\/1"}],"replies":[{"embeddable":true,"href":"https:\/\/zielonykat.pl\/index.php?rest_route=%2Fwp%2Fv2%2Fcomments&post=12"}],"version-history":[{"count":4,"href":"https:\/\/zielonykat.pl\/index.php?rest_route=\/wp\/v2\/pages\/12\/revisions"}],"predecessor-version":[{"id":97,"href":"https:\/\/zielonykat.pl\/index.php?rest_route=\/wp\/v2\/pages\/12\/revisions\/97"}],"wp:attachment":[{"href":"https:\/\/zielonykat.pl\/index.php?rest_route=%2Fwp%2Fv2%2Fmedia&parent=12"}],"curies":[{"name":"wp","href":"https:\/\/api.w.org\/{rel}","templated":true}]}}